{"id":420,"date":"2025-02-11T12:48:23","date_gmt":"2025-02-11T11:48:23","guid":{"rendered":"http:\/\/lylypie.net\/?page_id=420"},"modified":"2025-02-11T15:31:27","modified_gmt":"2025-02-11T14:31:27","slug":"galerie","status":"publish","type":"page","link":"https:\/\/lylypie.net\/?page_id=420","title":{"rendered":"galerie"},"content":{"rendered":"\t\t<div data-elementor-type=\"wp-page\" data-elementor-id=\"420\" class=\"elementor elementor-420\">\n\t\t\t\t<div class=\"elementor-element elementor-element-13ade3f e-flex e-con-boxed wpr-particle-no wpr-jarallax-no wpr-parallax-no wpr-sticky-section-no e-con e-parent\" data-id=\"13ade3f\" data-element_type=\"container\" data-settings=\"{&quot;background_background&quot;:&quot;classic&quot;}\">\n\t\t\t\t\t<div class=\"e-con-inner\">\n\t\t\t\t<div class=\"elementor-element elementor-element-ee78b51 premium-blog-align-center elementor-widget elementor-widget-premium-addon-blog\" data-id=\"ee78b51\" data-element_type=\"widget\" data-widget_type=\"premium-addon-blog.default\">\n\t\t\t\t<div class=\"elementor-widget-container\">\n\t\t\t\t\t\r\n\t\t\t\t<div class=\"premium-blog-wrap  premium-blog-list\" data-page=\"420\">\r\n\t\t\t\t\t<div class=\"premium-blog-post-outer-container\" data-total=\"6\">\r\n\t\t\t<div class=\"premium-blog-post-container premium-blog-skin-banner\">\r\n\t\t\t\t\t\t\t\t\t<div class=\"premium-blog-thumb-effect-wrapper\">\r\n\t\t\t\t\t\t<div class=\"premium-blog-thumbnail-container premium-blog-none-effect\">\r\n\t\t\t\t\t\t\t<img fetchpriority=\"high\" decoding=\"async\" width=\"1439\" height=\"1152\" src=\"https:\/\/lylypie.net\/wp-content\/uploads\/2025\/02\/1.jpg\" class=\"attachment-full size-full wp-image-352\" alt=\"\" srcset=\"https:\/\/lylypie.net\/wp-content\/uploads\/2025\/02\/1.jpg 1439w, https:\/\/lylypie.net\/wp-content\/uploads\/2025\/02\/1-300x240.jpg 300w, https:\/\/lylypie.net\/wp-content\/uploads\/2025\/02\/1-1024x820.jpg 1024w, https:\/\/lylypie.net\/wp-content\/uploads\/2025\/02\/1-768x615.jpg 768w\" sizes=\"(max-width: 1439px) 100vw, 1439px\" \/>\t\t\t\t\t\t<\/div>\r\n\t\t\t\t\t\t\t\t\t\t\t\t\t<div class=\"premium-blog-thumbnail-overlay\">\r\n\t\t\t\t\t\t\t\t<a class=\"elementor-icon\" href=\"https:\/\/lylypie.net\/?p=351\" target=\"_blank\" aria-hidden=\"true\"><span>Titre #1<\/span><\/a>\r\n\t\t\t\t\t\t\t<\/div>\r\n\r\n\t\t\t\t\t\t\t\t\t\t\t\t\t\t\t\t\t\t<\/div>\r\n\t\t\t\t\t\t\t\t\t\t\t\t<div class=\"premium-blog-content-wrapper \">\r\n\r\n\t\t\t\t\t<div class=\"premium-blog-inner-container\">\r\n\r\n\t\t\t\t\t\t\t\t\t\t\t\t\t\t<h1 class=\"premium-blog-entry-title\">\r\n\t\t\t<a href=\"https:\/\/lylypie.net\/?p=351\" target=\"_blank\">\r\n\t\t\t\tTitre #1\t\t\t<\/a>\r\n\t\t<\/h1>\r\n\t\t\t\t<div class=\"premium-blog-entry-meta\">\r\n\t\t\t\r\n\t\t\t\r\n\t\t\t\r\n\t\t\t\t\t<\/div>\r\n\t\t\r\n\t\t\t\t\t<\/div>\r\n\r\n\t\t\t\t\t\t\t\t\t\t\r\n\t\t\t\t<\/div>\r\n\t\t\t<\/div>\r\n\t\t<\/div>\r\n\r\n\t\t\t\t<\/div>\r\n\r\n\t\t\t\t\t\t<\/div>\n\t\t\t\t<\/div>\n\t\t\t\t\t<\/div>\n\t\t\t\t<\/div>\n\t\t<div class=\"elementor-element elementor-element-e0153a5 e-flex e-con-boxed wpr-particle-no wpr-jarallax-no wpr-parallax-no wpr-sticky-section-no e-con e-parent\" data-id=\"e0153a5\" data-element_type=\"container\">\n\t\t\t\t\t<div class=\"e-con-inner\">\n\t\t\t\t<div class=\"elementor-element elementor-element-e68ac7c elementor-widget elementor-widget-heading\" data-id=\"e68ac7c\" data-element_type=\"widget\" data-widget_type=\"heading.default\">\n\t\t\t\t<div class=\"elementor-widget-container\">\n\t\t\t\t\t<h2 class=\"elementor-heading-title elementor-size-default\">C'est possible de mettre un titre<\/h2>\t\t\t\t<\/div>\n\t\t\t\t<\/div>\n\t\t\t\t<div class=\"elementor-element elementor-element-62d28cf elementor-widget elementor-widget-text-editor\" data-id=\"62d28cf\" data-element_type=\"widget\" data-widget_type=\"text-editor.default\">\n\t\t\t\t<div class=\"elementor-widget-container\">\n\t\t\t\t\t\t\t\t\t<p><strong><em>et du texte \u00e9galement.<\/em><\/strong><\/p><p>Cette page sert de galerie, ou d&rsquo;archive, pour que les visiteurs puissent avoir acc\u00e8s \u00e0 l&rsquo;enti\u00e8ret\u00e9 des toiles d\u00e9j\u00e0 pr\u00e9sentes.<\/p><p>Je suis rest\u00e9e sur le principe d&rsquo;un \u00ab\u00a0article\u00a0\u00bb pour chaque toile. chaque image est donc cliquable ici pour emmener vers l&rsquo;article en question. Encore une fois, l&rsquo;image 1 est celle post\u00e9 le plus r\u00e9cemment, la 6 la plus vieille. La page est pr\u00e9vue pour afficher autant d&rsquo;articles que n\u00e9cessaire, pour que tous soient affich\u00e9s ici.<\/p><p>Pour le moment sur les articles j&rsquo;ai ins\u00e9r\u00e9 une fausse galerie des images qui auraient pu \u00eatre prises au fur et \u00e0 mesure de la journ\u00e9e, mais par facilit\u00e9 j&rsquo;ai utilis\u00e9 mes 6 images neutre de 1 \u00e0 6 pour ne pas surcharger inutilement le site. Elles seront propres \u00e0 chaque article ensuite, j&rsquo;ai juste utilis\u00e9 toujours le m\u00eame type de structure pour qu&rsquo;on puisse visualiser au mieux.<\/p>\t\t\t\t\t\t\t\t<\/div>\n\t\t\t\t<\/div>\n\t\t\t\t<div class=\"elementor-element elementor-element-92b8c1f premium-blog-align-left elementor-widget elementor-widget-premium-addon-blog\" data-id=\"92b8c1f\" data-element_type=\"widget\" data-settings=\"{&quot;force_height&quot;:&quot;true&quot;,&quot;premium_blog_grid&quot;:&quot;yes&quot;,&quot;premium_blog_layout&quot;:&quot;even&quot;,&quot;premium_blog_columns_number&quot;:&quot;50%&quot;,&quot;premium_blog_columns_number_tablet&quot;:&quot;50%&quot;,&quot;premium_blog_columns_number_mobile&quot;:&quot;100%&quot;}\" data-widget_type=\"premium-addon-blog.default\">\n\t\t\t\t<div class=\"elementor-widget-container\">\n\t\t\t\t\t\r\n\t\t\t\t<div class=\"premium-blog-wrap  premium-blog-even\" data-page=\"420\">\r\n\t\t\t\t\t<div class=\"premium-blog-post-outer-container\" data-total=\"1\">\r\n\t\t\t<div class=\"premium-blog-post-container premium-blog-skin-banner\">\r\n\t\t\t\t\t\t\t\t\t<div class=\"premium-blog-thumb-effect-wrapper\">\r\n\t\t\t\t\t\t<div class=\"premium-blog-thumbnail-container premium-blog-none-effect\">\r\n\t\t\t\t\t\t\t<img decoding=\"async\" width=\"1439\" height=\"1152\" src=\"https:\/\/lylypie.net\/wp-content\/uploads\/2025\/02\/2-1.jpg\" class=\"attachment-full size-full wp-image-353\" alt=\"\" srcset=\"https:\/\/lylypie.net\/wp-content\/uploads\/2025\/02\/2-1.jpg 1439w, https:\/\/lylypie.net\/wp-content\/uploads\/2025\/02\/2-1-300x240.jpg 300w, https:\/\/lylypie.net\/wp-content\/uploads\/2025\/02\/2-1-1024x820.jpg 1024w, https:\/\/lylypie.net\/wp-content\/uploads\/2025\/02\/2-1-768x615.jpg 768w\" sizes=\"(max-width: 1439px) 100vw, 1439px\" \/>\t\t\t\t\t\t<\/div>\r\n\t\t\t\t\t\t\t\t\t\t\t\t\t<div class=\"premium-blog-thumbnail-overlay\">\r\n\t\t\t\t\t\t\t\t<a class=\"elementor-icon\" href=\"https:\/\/lylypie.net\/?p=395\" target=\"_blank\" aria-hidden=\"true\"><span>Titre #2<\/span><\/a>\r\n\t\t\t\t\t\t\t<\/div>\r\n\r\n\t\t\t\t\t\t\t\t\t\t\t\t\t\t\t\t\t\t<\/div>\r\n\t\t\t\t\t\t\t\t\t\t\t\t<div class=\"premium-blog-content-wrapper \">\r\n\r\n\t\t\t\t\t<div class=\"premium-blog-inner-container\">\r\n\r\n\t\t\t\t\t\t\t\t\t\t\t\t\t\t<h2 class=\"premium-blog-entry-title\">\r\n\t\t\t<a href=\"https:\/\/lylypie.net\/?p=395\" target=\"_blank\">\r\n\t\t\t\tTitre #2\t\t\t<\/a>\r\n\t\t<\/h2>\r\n\t\t\t\t<div class=\"premium-blog-entry-meta\">\r\n\t\t\t\r\n\t\t\t\t\t\t\t<span class=\"premium-blog-meta-separator\">\u2022<\/span>\r\n\t\t\t\t<div class=\"premium-blog-post-time premium-blog-meta-data\">\r\n\t\t\t\t\t<i class=\"fa fa-calendar-alt\" aria-hidden=\"true\"><\/i>\r\n\t\t\t\t\t<span>10 f\u00e9vrier 2025<\/span>\r\n\t\t\t\t<\/div>\r\n\t\t\t\r\n\t\t\t\r\n\t\t\t\t\t<\/div>\r\n\t\t\r\n\t\t\t\t\t<\/div>\r\n\r\n\t\t\t\t\t\t\t\t\t\t\r\n\t\t\t\t<\/div>\r\n\t\t\t<\/div>\r\n\t\t<\/div>\r\n\r\n\t\t\t\t<div class=\"premium-blog-post-outer-container\" data-total=\"1\">\r\n\t\t\t<div class=\"premium-blog-post-container premium-blog-skin-banner\">\r\n\t\t\t\t\t\t\t\t\t<div class=\"premium-blog-thumb-effect-wrapper\">\r\n\t\t\t\t\t\t<div class=\"premium-blog-thumbnail-container premium-blog-none-effect\">\r\n\t\t\t\t\t\t\t<img decoding=\"async\" width=\"1439\" height=\"1152\" src=\"https:\/\/lylypie.net\/wp-content\/uploads\/2025\/02\/3-1.jpg\" class=\"attachment-full size-full wp-image-354\" alt=\"\" srcset=\"https:\/\/lylypie.net\/wp-content\/uploads\/2025\/02\/3-1.jpg 1439w, https:\/\/lylypie.net\/wp-content\/uploads\/2025\/02\/3-1-300x240.jpg 300w, https:\/\/lylypie.net\/wp-content\/uploads\/2025\/02\/3-1-1024x820.jpg 1024w, https:\/\/lylypie.net\/wp-content\/uploads\/2025\/02\/3-1-768x615.jpg 768w\" sizes=\"(max-width: 1439px) 100vw, 1439px\" \/>\t\t\t\t\t\t<\/div>\r\n\t\t\t\t\t\t\t\t\t\t\t\t\t<div class=\"premium-blog-thumbnail-overlay\">\r\n\t\t\t\t\t\t\t\t<a class=\"elementor-icon\" href=\"https:\/\/lylypie.net\/?p=399\" target=\"_blank\" aria-hidden=\"true\"><span>Titre #3<\/span><\/a>\r\n\t\t\t\t\t\t\t<\/div>\r\n\r\n\t\t\t\t\t\t\t\t\t\t\t\t\t\t\t\t\t\t<\/div>\r\n\t\t\t\t\t\t\t\t\t\t\t\t<div class=\"premium-blog-content-wrapper \">\r\n\r\n\t\t\t\t\t<div class=\"premium-blog-inner-container\">\r\n\r\n\t\t\t\t\t\t\t\t\t\t\t\t\t\t<h2 class=\"premium-blog-entry-title\">\r\n\t\t\t<a href=\"https:\/\/lylypie.net\/?p=399\" target=\"_blank\">\r\n\t\t\t\tTitre #3\t\t\t<\/a>\r\n\t\t<\/h2>\r\n\t\t\t\t<div class=\"premium-blog-entry-meta\">\r\n\t\t\t\r\n\t\t\t\t\t\t\t<span class=\"premium-blog-meta-separator\">\u2022<\/span>\r\n\t\t\t\t<div class=\"premium-blog-post-time premium-blog-meta-data\">\r\n\t\t\t\t\t<i class=\"fa fa-calendar-alt\" aria-hidden=\"true\"><\/i>\r\n\t\t\t\t\t<span>9 f\u00e9vrier 2025<\/span>\r\n\t\t\t\t<\/div>\r\n\t\t\t\r\n\t\t\t\r\n\t\t\t\t\t<\/div>\r\n\t\t\r\n\t\t\t\t\t<\/div>\r\n\r\n\t\t\t\t\t\t\t\t\t\t\r\n\t\t\t\t<\/div>\r\n\t\t\t<\/div>\r\n\t\t<\/div>\r\n\r\n\t\t\t\t<div class=\"premium-blog-post-outer-container\" data-total=\"1\">\r\n\t\t\t<div class=\"premium-blog-post-container premium-blog-skin-banner\">\r\n\t\t\t\t\t\t\t\t\t<div class=\"premium-blog-thumb-effect-wrapper\">\r\n\t\t\t\t\t\t<div class=\"premium-blog-thumbnail-container premium-blog-none-effect\">\r\n\t\t\t\t\t\t\t<img loading=\"lazy\" decoding=\"async\" width=\"1439\" height=\"1152\" src=\"https:\/\/lylypie.net\/wp-content\/uploads\/2025\/02\/4-1.jpg\" class=\"attachment-full size-full wp-image-355\" alt=\"\" srcset=\"https:\/\/lylypie.net\/wp-content\/uploads\/2025\/02\/4-1.jpg 1439w, https:\/\/lylypie.net\/wp-content\/uploads\/2025\/02\/4-1-300x240.jpg 300w, https:\/\/lylypie.net\/wp-content\/uploads\/2025\/02\/4-1-1024x820.jpg 1024w, https:\/\/lylypie.net\/wp-content\/uploads\/2025\/02\/4-1-768x615.jpg 768w\" sizes=\"(max-width: 1439px) 100vw, 1439px\" \/>\t\t\t\t\t\t<\/div>\r\n\t\t\t\t\t\t\t\t\t\t\t\t\t<div class=\"premium-blog-thumbnail-overlay\">\r\n\t\t\t\t\t\t\t\t<a class=\"elementor-icon\" href=\"https:\/\/lylypie.net\/?p=400\" target=\"_blank\" aria-hidden=\"true\"><span>Titre #4<\/span><\/a>\r\n\t\t\t\t\t\t\t<\/div>\r\n\r\n\t\t\t\t\t\t\t\t\t\t\t\t\t\t\t\t\t\t<\/div>\r\n\t\t\t\t\t\t\t\t\t\t\t\t<div class=\"premium-blog-content-wrapper \">\r\n\r\n\t\t\t\t\t<div class=\"premium-blog-inner-container\">\r\n\r\n\t\t\t\t\t\t\t\t\t\t\t\t\t\t<h2 class=\"premium-blog-entry-title\">\r\n\t\t\t<a href=\"https:\/\/lylypie.net\/?p=400\" target=\"_blank\">\r\n\t\t\t\tTitre #4\t\t\t<\/a>\r\n\t\t<\/h2>\r\n\t\t\t\t<div class=\"premium-blog-entry-meta\">\r\n\t\t\t\r\n\t\t\t\t\t\t\t<span class=\"premium-blog-meta-separator\">\u2022<\/span>\r\n\t\t\t\t<div class=\"premium-blog-post-time premium-blog-meta-data\">\r\n\t\t\t\t\t<i class=\"fa fa-calendar-alt\" aria-hidden=\"true\"><\/i>\r\n\t\t\t\t\t<span>8 f\u00e9vrier 2025<\/span>\r\n\t\t\t\t<\/div>\r\n\t\t\t\r\n\t\t\t\r\n\t\t\t\t\t<\/div>\r\n\t\t\r\n\t\t\t\t\t<\/div>\r\n\r\n\t\t\t\t\t\t\t\t\t\t\r\n\t\t\t\t<\/div>\r\n\t\t\t<\/div>\r\n\t\t<\/div>\r\n\r\n\t\t\t\t<div class=\"premium-blog-post-outer-container\" data-total=\"1\">\r\n\t\t\t<div class=\"premium-blog-post-container premium-blog-skin-banner\">\r\n\t\t\t\t\t\t\t\t\t<div class=\"premium-blog-thumb-effect-wrapper\">\r\n\t\t\t\t\t\t<div class=\"premium-blog-thumbnail-container premium-blog-none-effect\">\r\n\t\t\t\t\t\t\t<img loading=\"lazy\" decoding=\"async\" width=\"1439\" height=\"1152\" src=\"https:\/\/lylypie.net\/wp-content\/uploads\/2025\/02\/5-1.jpg\" class=\"attachment-full size-full wp-image-356\" alt=\"\" srcset=\"https:\/\/lylypie.net\/wp-content\/uploads\/2025\/02\/5-1.jpg 1439w, https:\/\/lylypie.net\/wp-content\/uploads\/2025\/02\/5-1-300x240.jpg 300w, https:\/\/lylypie.net\/wp-content\/uploads\/2025\/02\/5-1-1024x820.jpg 1024w, https:\/\/lylypie.net\/wp-content\/uploads\/2025\/02\/5-1-768x615.jpg 768w\" sizes=\"(max-width: 1439px) 100vw, 1439px\" \/>\t\t\t\t\t\t<\/div>\r\n\t\t\t\t\t\t\t\t\t\t\t\t\t<div class=\"premium-blog-thumbnail-overlay\">\r\n\t\t\t\t\t\t\t\t<a class=\"elementor-icon\" href=\"https:\/\/lylypie.net\/?p=403\" target=\"_blank\" aria-hidden=\"true\"><span>Titre #5<\/span><\/a>\r\n\t\t\t\t\t\t\t<\/div>\r\n\r\n\t\t\t\t\t\t\t\t\t\t\t\t\t\t\t\t\t\t<\/div>\r\n\t\t\t\t\t\t\t\t\t\t\t\t<div class=\"premium-blog-content-wrapper \">\r\n\r\n\t\t\t\t\t<div class=\"premium-blog-inner-container\">\r\n\r\n\t\t\t\t\t\t\t\t\t\t\t\t\t\t<h2 class=\"premium-blog-entry-title\">\r\n\t\t\t<a href=\"https:\/\/lylypie.net\/?p=403\" target=\"_blank\">\r\n\t\t\t\tTitre #5\t\t\t<\/a>\r\n\t\t<\/h2>\r\n\t\t\t\t<div class=\"premium-blog-entry-meta\">\r\n\t\t\t\r\n\t\t\t\t\t\t\t<span class=\"premium-blog-meta-separator\">\u2022<\/span>\r\n\t\t\t\t<div class=\"premium-blog-post-time premium-blog-meta-data\">\r\n\t\t\t\t\t<i class=\"fa fa-calendar-alt\" aria-hidden=\"true\"><\/i>\r\n\t\t\t\t\t<span>7 f\u00e9vrier 2025<\/span>\r\n\t\t\t\t<\/div>\r\n\t\t\t\r\n\t\t\t\r\n\t\t\t\t\t<\/div>\r\n\t\t\r\n\t\t\t\t\t<\/div>\r\n\r\n\t\t\t\t\t\t\t\t\t\t\r\n\t\t\t\t<\/div>\r\n\t\t\t<\/div>\r\n\t\t<\/div>\r\n\r\n\t\t\t\t<div class=\"premium-blog-post-outer-container\" data-total=\"1\">\r\n\t\t\t<div class=\"premium-blog-post-container premium-blog-skin-banner\">\r\n\t\t\t\t\t\t\t\t\t<div class=\"premium-blog-thumb-effect-wrapper\">\r\n\t\t\t\t\t\t<div class=\"premium-blog-thumbnail-container premium-blog-none-effect\">\r\n\t\t\t\t\t\t\t<img loading=\"lazy\" decoding=\"async\" width=\"1439\" height=\"1152\" src=\"https:\/\/lylypie.net\/wp-content\/uploads\/2025\/02\/6-1.jpg\" class=\"attachment-full size-full wp-image-357\" alt=\"\" srcset=\"https:\/\/lylypie.net\/wp-content\/uploads\/2025\/02\/6-1.jpg 1439w, https:\/\/lylypie.net\/wp-content\/uploads\/2025\/02\/6-1-300x240.jpg 300w, https:\/\/lylypie.net\/wp-content\/uploads\/2025\/02\/6-1-1024x820.jpg 1024w, https:\/\/lylypie.net\/wp-content\/uploads\/2025\/02\/6-1-768x615.jpg 768w\" sizes=\"(max-width: 1439px) 100vw, 1439px\" \/>\t\t\t\t\t\t<\/div>\r\n\t\t\t\t\t\t\t\t\t\t\t\t\t<div class=\"premium-blog-thumbnail-overlay\">\r\n\t\t\t\t\t\t\t\t<a class=\"elementor-icon\" href=\"https:\/\/lylypie.net\/?p=405\" target=\"_blank\" aria-hidden=\"true\"><span>Titre #6<\/span><\/a>\r\n\t\t\t\t\t\t\t<\/div>\r\n\r\n\t\t\t\t\t\t\t\t\t\t\t\t\t\t\t\t\t\t<\/div>\r\n\t\t\t\t\t\t\t\t\t\t\t\t<div class=\"premium-blog-content-wrapper \">\r\n\r\n\t\t\t\t\t<div class=\"premium-blog-inner-container\">\r\n\r\n\t\t\t\t\t\t\t\t\t\t\t\t\t\t<h2 class=\"premium-blog-entry-title\">\r\n\t\t\t<a href=\"https:\/\/lylypie.net\/?p=405\" target=\"_blank\">\r\n\t\t\t\tTitre #6\t\t\t<\/a>\r\n\t\t<\/h2>\r\n\t\t\t\t<div class=\"premium-blog-entry-meta\">\r\n\t\t\t\r\n\t\t\t\t\t\t\t<span class=\"premium-blog-meta-separator\">\u2022<\/span>\r\n\t\t\t\t<div class=\"premium-blog-post-time premium-blog-meta-data\">\r\n\t\t\t\t\t<i class=\"fa fa-calendar-alt\" aria-hidden=\"true\"><\/i>\r\n\t\t\t\t\t<span>6 f\u00e9vrier 2025<\/span>\r\n\t\t\t\t<\/div>\r\n\t\t\t\r\n\t\t\t\r\n\t\t\t\t\t<\/div>\r\n\t\t\r\n\t\t\t\t\t<\/div>\r\n\r\n\t\t\t\t\t\t\t\t\t\t\r\n\t\t\t\t<\/div>\r\n\t\t\t<\/div>\r\n\t\t<\/div>\r\n\r\n\t\t\t\t<\/div>\r\n\r\n\t\t\t\t\t\t<\/div>\n\t\t\t\t<\/div>\n\t\t\t\t<div class=\"elementor-element elementor-element-439f935 elementor-widget elementor-widget-text-editor\" data-id=\"439f935\" data-element_type=\"widget\" data-widget_type=\"text-editor.default\">\n\t\t\t\t<div class=\"elementor-widget-container\">\n\t\t\t\t\t\t\t\t\t<p><strong><em>le texte peut \u00eatre avant ou apr\u00e8s la galerie d&rsquo;archive.<\/em><\/strong><\/p><p>Lorem ipsum dolor sit amet, consectetur adipiscing elit. Quisque condimentum at orci vitae convallis. Duis scelerisque lectus et mauris gravida, a tempor arcu malesuada. Maecenas molestie posuere est, id tincidunt libero aliquet at. Integer interdum luctus auctor. Maecenas vestibulum dui libero, sit amet ultrices elit luctus ut. Nunc cursus bibendum ex non porttitor. Orci varius natoque penatibus et magnis dis parturient montes, nascetur ridiculus mus. Nunc a elit ex. Etiam tempus placerat purus eget porttitor. Maecenas fermentum fringilla erat vel viverra. Nam interdum sem eu ligula consectetur imperdiet. Nulla ipsum velit, tempor quis nulla vitae, accumsan pharetra risus. Curabitur bibendum turpis sed tortor maximus pretium. In elementum nec nibh ut finibus. Ut tristique ligula id ornare consectetur.<\/p>\t\t\t\t\t\t\t\t<\/div>\n\t\t\t\t<\/div>\n\t\t\t\t\t<\/div>\n\t\t\t\t<\/div>\n\t\t\t\t<\/div>\n\t\t","protected":false},"excerpt":{"rendered":"<p>Titre #1 Titre #1 C&rsquo;est possible de mettre un titre et du texte \u00e9galement. Cette page sert de galerie, ou d&rsquo;archive, pour que les visiteurs puissent avoir acc\u00e8s \u00e0 l&rsquo;enti\u00e8ret\u00e9 des toiles d\u00e9j\u00e0 pr\u00e9sentes. Je suis rest\u00e9e sur le principe d&rsquo;un \u00ab\u00a0article\u00a0\u00bb pour chaque toile. chaque image est donc cliquable ici pour emmener vers l&rsquo;article en question. Encore une fois, l&rsquo;image 1 est celle post\u00e9 le plus r\u00e9cemment, la 6 la plus vieille. La page est pr\u00e9vue pour afficher autant d&rsquo;articles que n\u00e9cessaire, pour que tous soient affich\u00e9s ici. Pour le moment sur les articles j&rsquo;ai ins\u00e9r\u00e9 une fausse galerie des images qui auraient pu \u00eatre prises au fur et \u00e0 mesure de la journ\u00e9e, mais par facilit\u00e9 j&rsquo;ai utilis\u00e9 mes 6 images neutre de 1 \u00e0 6 pour ne pas surcharger inutilement le site. Elles seront propres \u00e0 chaque article ensuite, j&rsquo;ai juste utilis\u00e9 toujours le m\u00eame type de structure pour qu&rsquo;on puisse visualiser au mieux. Titre #2 Titre #2 \u2022 10 f\u00e9vrier 2025 Titre #3 Titre #3 \u2022 9 f\u00e9vrier 2025 Titre #4 Titre #4 \u2022 8 f\u00e9vrier 2025 Titre #5 Titre #5 \u2022 7 f\u00e9vrier 2025 Titre #6 Titre #6 \u2022 6 f\u00e9vrier 2025 le texte peut \u00eatre avant ou apr\u00e8s la galerie d&rsquo;archive. Lorem ipsum dolor sit amet, consectetur adipiscing elit. Quisque condimentum at orci vitae convallis. Duis scelerisque lectus et mauris gravida, a tempor arcu malesuada. Maecenas molestie posuere est, id tincidunt libero aliquet at. Integer interdum luctus auctor. Maecenas vestibulum dui libero, sit amet ultrices elit luctus ut. Nunc cursus bibendum ex non porttitor. Orci varius natoque penatibus et magnis dis parturient montes, nascetur ridiculus mus. Nunc a elit ex. Etiam tempus placerat purus eget porttitor. Maecenas fermentum fringilla erat vel viverra. Nam interdum sem eu ligula consectetur imperdiet. Nulla ipsum velit, tempor quis nulla vitae, accumsan pharetra risus. Curabitur bibendum turpis sed tortor maximus pretium. In elementum nec nibh ut finibus. Ut tristique ligula id ornare consectetur.<\/p>\n","protected":false},"author":1,"featured_media":0,"parent":0,"menu_order":0,"comment_status":"closed","ping_status":"closed","template":"","meta":{"postBodyMargin":[],"postBodyPadding":[],"postBodyBackground":{"backgroundType":"classic","gradient":""},"footnotes":""},"class_list":["post-420","page","type-page","status-publish","hentry"],"_links":{"self":[{"href":"https:\/\/lylypie.net\/index.php?rest_route=\/wp\/v2\/pages\/420","targetHints":{"allow":["GET"]}}],"collection":[{"href":"https:\/\/lylypie.net\/index.php?rest_route=\/wp\/v2\/pages"}],"about":[{"href":"https:\/\/lylypie.net\/index.php?rest_route=\/wp\/v2\/types\/page"}],"author":[{"embeddable":true,"href":"https:\/\/lylypie.net\/index.php?rest_route=\/wp\/v2\/users\/1"}],"replies":[{"embeddable":true,"href":"https:\/\/lylypie.net\/index.php?rest_route=%2Fwp%2Fv2%2Fcomments&post=420"}],"version-history":[{"count":13,"href":"https:\/\/lylypie.net\/index.php?rest_route=\/wp\/v2\/pages\/420\/revisions"}],"predecessor-version":[{"id":479,"href":"https:\/\/lylypie.net\/index.php?rest_route=\/wp\/v2\/pages\/420\/revisions\/479"}],"wp:attachment":[{"href":"https:\/\/lylypie.net\/index.php?rest_route=%2Fwp%2Fv2%2Fmedia&parent=420"}],"curies":[{"name":"wp","href":"https:\/\/api.w.org\/{rel}","templated":true}]}}